{"id":22,"date":"2014-07-18T12:17:38","date_gmt":"2014-07-18T12:17:38","guid":{"rendered":"http:\/\/racodelarnau.es\/?page_id=22"},"modified":"2023-08-27T14:53:42","modified_gmt":"2023-08-27T14:53:42","slug":"contacto","status":"publish","type":"page","link":"https:\/\/www.peluqueriacaninapatitas.es\/?page_id=22","title":{"rendered":"Contacto"},"content":{"rendered":"<div class=\"one-one first\">\n<p><img decoding=\"async\" style=\"display: block; margin-left: auto; margin-right: auto;\" title=\"\" src=\"archivos\/inicio\/tienda.jpg\" \/><\/p>\n<p style=\"text-align: center;\">PELUQUERIA CANINA PATITAS<\/p>\n<p style=\"text-align: center;\">C\/ Arquitecto Vandelvira 40<\/p>\n<p style=\"text-align: center;\">ALBACETE<\/p>\n<\/div>\n<div class=\"one-half first\">\n<p><img decoding=\"async\" style=\"display: block; margin-left: auto; margin-right: auto; width: 100px; height: 100px;\" title=\"\" src=\"archivos\/logos\/horario.png\" \/><\/p>\n<p style=\"text-align: center;\">Ma\u00f1ana: 09:00 &#8211; 13:00<\/p>\n<p style=\"text-align: center;\">Tarde: 15:30 &#8211; 19:00<\/p>\n<p style=\"text-align: center;\">\u00a0 Viernes: 08:00 &#8211; 15:00<\/p>\n<p style=\"text-align: center;\">S\u00e1bados: Permanecer\u00e1 cerrado.<\/p>\n<\/div>\n<div class=\"one-half\">\n<p><img decoding=\"async\" style=\"display: block; margin-left: auto; margin-right: auto; width: 100px; height: 100px;\" title=\"\" src=\"archivos\/logos\/telefono.png\" \/><\/p>\n<p style=\"text-align: center;\">Tel: 967 04 75 61<\/p>\n<p style=\"text-align: center;\">M\u00f3vil: 678 30 78 90<\/p>\n<\/div>\n<div class=\"one-one\">\n<p><img decoding=\"async\" class=\"aligncenter\" style=\"display: block; margin-left: auto; margin-right: auto; width: 130px; height: 130px;\" title=\"\" src=\"archivos\/logos\/correo.png\" \/><\/p>\n<p style=\"text-align: center;\"><a href=\"&#109;&#97;&#105;l&#116;o&#58;&#112;e&#108;&#117;q&#117;eria&#99;&#97;n&#105;&#110;&#97;&#112;a&#116;ita&#115;&#64;&#104;o&#116;&#109;ai&#108;.e&#115;\" style=\"color: blue\">&#112;&#101;&#108;uq&#117;e&#114;&#105;&#97;&#99;aninap&#97;&#116;it&#97;&#115;&#64;hot&#109;a&#105;&#108;.&#101;s<\/a><\/p>\n<h5><\/h5>\n<\/div>\n<div class=\"two-thirds first\">\n<p>Formulario de Contacto:<\/p>\n<div class=\"wpforms-container wpforms-container-full wpforms-render-modern\" id=\"wpforms-1148\"><form id=\"wpforms-form-1148\" class=\"wpforms-validate wpforms-form\" data-formid=\"1148\" method=\"post\" enctype=\"multipart\/form-data\" action=\"\/index.php?rest_route=%2Fwp%2Fv2%2Fpages%2F22\" data-token=\"f2974d574de8c80b6d129f4b05f6b05c\"><noscript class=\"wpforms-error-noscript\">Por favor, activa JavaScript en tu navegador para completar este formulario.<\/noscript><div class=\"wpforms-hidden\" id=\"wpforms-error-noscript\">Por favor, activa JavaScript en tu navegador para completar este formulario.<\/div><div class=\"wpforms-field-container\"><div id=\"wpforms-1148-field_1-container\" class=\"wpforms-field wpforms-field-text\" data-field-id=\"1\"><label class=\"wpforms-field-label\" for=\"wpforms-1148-field_1\">Nombre: <span class=\"wpforms-required-label\" aria-hidden=\"true\">*<\/span><\/label><input type=\"text\" id=\"wpforms-1148-field_1\" class=\"wpforms-field-medium wpforms-field-required\" name=\"wpforms[fields][1]\" aria-errormessage=\"wpforms-1148-field_1-error\" required><\/div><div id=\"wpforms-1148-field_2-container\" class=\"wpforms-field wpforms-field-email\" data-field-id=\"2\"><label class=\"wpforms-field-label\" for=\"wpforms-1148-field_2\">Correo Electr\u00f3nico: <span class=\"wpforms-required-label\" aria-hidden=\"true\">*<\/span><\/label><input type=\"email\" id=\"wpforms-1148-field_2\" class=\"wpforms-field-medium wpforms-field-required\" name=\"wpforms[fields][2]\" spellcheck=\"false\" aria-errormessage=\"wpforms-1148-field_2-error\" required><\/div><div id=\"wpforms-1148-field_6-container\" class=\"wpforms-field wpforms-field-text\" data-field-id=\"6\"><label class=\"wpforms-field-label\" for=\"wpforms-1148-field_6\">Tel\u00e9fono:<\/label><input type=\"text\" id=\"wpforms-1148-field_6\" class=\"wpforms-field-medium\" name=\"wpforms[fields][6]\" aria-errormessage=\"wpforms-1148-field_6-error\" ><\/div><div id=\"wpforms-1148-field_4-container\" class=\"wpforms-field wpforms-field-text\" data-field-id=\"4\"><label class=\"wpforms-field-label\" for=\"wpforms-1148-field_4\">Asunto:<\/label><input type=\"text\" id=\"wpforms-1148-field_4\" class=\"wpforms-field-medium\" name=\"wpforms[fields][4]\" aria-errormessage=\"wpforms-1148-field_4-error\" ><\/div><div id=\"wpforms-1148-field_5-container\" class=\"wpforms-field wpforms-field-textarea\" data-field-id=\"5\"><label class=\"wpforms-field-label\" for=\"wpforms-1148-field_5\">Mensaje:<\/label><textarea id=\"wpforms-1148-field_5\" class=\"wpforms-field-medium\" name=\"wpforms[fields][5]\" aria-errormessage=\"wpforms-1148-field_5-error\" ><\/textarea><\/div><\/div><!-- .wpforms-field-container --><div class=\"wpforms-recaptcha-container wpforms-is-recaptcha\" ><div class=\"g-recaptcha\" data-sitekey=\"6LfV-tsnAAAAAFQBDtGGrznQrDyjt4ULTm9YcAOy\"><\/div><input type=\"text\" name=\"g-recaptcha-hidden\" class=\"wpforms-recaptcha-hidden\" style=\"position:absolute!important;clip:rect(0,0,0,0)!important;height:1px!important;width:1px!important;border:0!important;overflow:hidden!important;padding:0!important;margin:0!important;\" data-rule-recaptcha=\"1\"><\/div><div class=\"wpforms-submit-container\" ><input type=\"hidden\" name=\"wpforms[id]\" value=\"1148\"><input type=\"hidden\" name=\"wpforms[author]\" value=\"1\"><button type=\"submit\" name=\"wpforms[submit]\" id=\"wpforms-submit-1148\" class=\"wpforms-submit\" data-alt-text=\"Sending\" data-submit-text=\"Submit\" aria-live=\"assertive\" value=\"wpforms-submit\">Submit<\/button><\/div><\/form><\/div>  <!-- .wpforms-container -->\n<\/div>\n","protected":false},"excerpt":{"rendered":"<p>PELUQUERIA CANINA PATITAS C\/ Arquitecto Vandelvira 40 ALBACETE Ma\u00f1ana: 09:00 &#8211; 13:00 Tarde: 15:30 &#8211; 19:00 \u00a0 Viernes: 08:00 &#8211; 15:00 S\u00e1bados: Permanecer\u00e1 cerrado. Tel: 967 04 75 61 M\u00f3vil: 678 30 78 90 Formulario de Contacto:<\/p>\n","protected":false},"author":1,"featured_media":0,"parent":0,"menu_order":0,"comment_status":"open","ping_status":"open","template":"","meta":{"_genesis_hide_title":false,"_genesis_hide_breadcrumbs":false,"_genesis_hide_singular_image":false,"_genesis_hide_footer_widgets":false,"_genesis_custom_body_class":"","_genesis_custom_post_class":"","_genesis_layout":""},"_links":{"self":[{"href":"https:\/\/www.peluqueriacaninapatitas.es\/index.php?rest_route=\/wp\/v2\/pages\/22"}],"collection":[{"href":"https:\/\/www.peluqueriacaninapatitas.es\/index.php?rest_route=\/wp\/v2\/pages"}],"about":[{"href":"https:\/\/www.peluqueriacaninapatitas.es\/index.php?rest_route=\/wp\/v2\/types\/page"}],"author":[{"embeddable":true,"href":"https:\/\/www.peluqueriacaninapatitas.es\/index.php?rest_route=\/wp\/v2\/users\/1"}],"replies":[{"embeddable":true,"href":"https:\/\/www.peluqueriacaninapatitas.es\/index.php?rest_route=%2Fwp%2Fv2%2Fcomments&post=22"}],"version-history":[{"count":62,"href":"https:\/\/www.peluqueriacaninapatitas.es\/index.php?rest_route=\/wp\/v2\/pages\/22\/revisions"}],"predecessor-version":[{"id":1154,"href":"https:\/\/www.peluqueriacaninapatitas.es\/index.php?rest_route=\/wp\/v2\/pages\/22\/revisions\/1154"}],"wp:attachment":[{"href":"https:\/\/www.peluqueriacaninapatitas.es\/index.php?rest_route=%2Fwp%2Fv2%2Fmedia&parent=22"}],"curies":[{"name":"wp","href":"https:\/\/api.w.org\/{rel}","templated":true}]}}